{"id":269,"date":"2025-05-01T16:48:34","date_gmt":"2025-05-01T16:48:34","guid":{"rendered":"https:\/\/ravantany.com\/?page_id=269"},"modified":"2025-05-01T16:48:34","modified_gmt":"2025-05-01T16:48:34","slug":"impressum","status":"publish","type":"page","link":"https:\/\/ravantany.com\/?page_id=269&lang=en","title":{"rendered":"Impressum"},"content":{"rendered":"Impressum \/\u00a0Datenschutz\r\n\r\n<!-- \/wp:post-content --><!-- wp:paragraph -->\r\n\r\nDatenschutzerkl\u00e4rung\r\nDer Schutz Ihrer pers\u00f6nlichen Daten ist uns ein besonderes Anliegen. Wir verarbeiten Ihre Daten daher ausschlie\u00dflich auf Grundlage der gesetzlichen Bestimmungen (DSGVO, TKG 2003). In diesen Datenschutzinformationen informieren wir Sie \u00fcber die wichtigsten Aspekte der Datenverarbeitung im Rahmen unserer Website.\r\nKontakt mit uns\r\nWenn Sie per Formular auf der Website oder per E-Mail Kontakt mit uns aufnehmen, werden Ihre angegebenen Daten zwecks Bearbeitung der Anfrage und f\u00fcr den Fall von Anschlussfragen bei uns gespeichert. Diese Daten geben wir nicht ohne Ihre Einwilligung weiter.\r\nDatenspeicherung\r\nWir weisen darauf hin, dass zum Zweck des einfacheren Einkaufsvorganges und zur sp\u00e4teren Vertragsabwicklung vom Webshop-Betreiber im Rahmen von Cookies die IP-Daten des Anschlussinhabers gespeichert werden, ebenso wie Name, Anschrift, Telefonnummer, E-Mail-Adresse und Kreditkartennummer sowie weitere vom Rechnungsempf\u00e4nger angegebene Daten.\r\nDar\u00fcber hinaus werden zum Zweck der Vertragsabwicklung personenbezogene Daten (Name, Anschrift, Geburtsdatum, Telefonnummer etc.) des Dienstleistungsempf\u00e4ngers gespeichert. Die von Ihnen bereit gestellten Daten sind zur Vertragserf\u00fcllung bzw zur Durchf\u00fchrung vorvertraglicher Ma\u00dfnahmen erforderlich. Ohne diese Daten k\u00f6nnen wir den Vertrag mit Ihnen nicht abschlie\u00dfen. Eine Daten\u00fcbermittlung an Dritte erfolgt nicht, mit Ausnahme der \u00dcbermittlung der Kreditkartendaten an die abwickelnden Bankinstitute\/Zahlungsdienstleister zum Zwecke der Abbuchung des Einkaufspreises sowie an unseren Steuerberater zur Erf\u00fcllung unserer steuerrechtlichen Verpflichtungen und an Datendienstleister, die den Betrieb unserer Datenbank, unser IT- und Newsletter-System gew\u00e4hrleisten. Mit diesen haben wir einen Vertrag zur Auftragsverarbeitung nach Art. 28 der DSGVO abgeschlossen.\r\nDie Datenverarbeitung erfolgt auf Basis der gesetzlichen Bestimmungen des \u00a7 96 Abs 3 TKG sowie des Art 6 Abs 1 lit a (Einwilligung) und\/oder lit b (notwendig zur Vertragserf\u00fcllung) der DSGVO.\r\nCookies\r\nUnsere Website verwendet sogenannte Cookies bzw. Storage. Dabei handelt es sich um Informationen, die mit Hilfe des Browsers auf Ihrem Endger\u00e4t abgelegt werden. Sie richten keinen Schaden an.\r\nWir nutzen diese Daten dazu, unser Angebot nutzerfreundlich zu gestalten. Einige bleiben auf Ihrem Endger\u00e4t gespeichert, bis Sie diese l\u00f6schen. Sie erm\u00f6glichen es uns, Ihren Browser beim n\u00e4chsten Besuch wiederzuerkennen.\r\nWenn Sie dies nicht w\u00fcnschen, k\u00f6nnen Sie Ihren Browser so einrichten, dass er Sie \u00fcber das Setzen von Cookies informiert und Sie dies nur im Einzelfall erlauben.\r\nBei der Deaktivierung von Cookies kann die Funktionalit\u00e4t unserer Website eingeschr\u00e4nkt sein.\r\nWebanalyse\r\nDiese Website benutzt Google Analytics, einen Webanalysedienst der Google Inc. (\u201eGoogle\u201c). Google Analytics verwendet Cookies. Die dadurch erzeugten Informationen \u00fcber Ihre Benutzung dieser Website (einschlie\u00dflich Ihrer IP-Adresse) werden an einen Server von Google in den USA \u00fcbertragen und dort gespeichert. Google wird diese Informationen benutzen, um Ihre Nutzung der Website auszuwerten, um Reports \u00fcber die Websitenaktivit\u00e4ten f\u00fcr die Websitenbetreiber zusammenzustellen und um weitere mit der Websitennutzung und der Internetnutzung verbundene Dienstleistungen zu erbringen. Auch wird Google diese Informationen gegebenenfalls an Dritte \u00fcbertragen, sofern dies gesetzlich vorgeschrieben oder soweit Dritte diese Daten im Auftrag von Google verarbeiten. Google wird in keinem Fall Ihre IP-Adresse mit anderen Daten von Google in Verbindung bringen. Durch die Nutzung dieser Website erkl\u00e4ren Sie sich mit der Bearbeitung der \u00fcber Sie erhobenen Daten durch Google in der zuvor beschriebenen Art und Weise und zu dem zuvor benannten Zweck einverstanden.\r\nIhre Rechte\r\nIhnen stehen grunds\u00e4tzlich die Rechte auf Auskunft, Berichtigung, L\u00f6schung, Einschr\u00e4nkung, Daten\u00fcbertragbarkeit, Widerruf und Widerspruch zu. Wenn Sie glauben, dass die Verarbeitung Ihrer Daten gegen das Datenschutzrecht verst\u00f6\u00dft oder Ihre datenschutzrechtlichen Anspr\u00fcche sonst in einer Weise verletzt worden sind, k\u00f6nnen Sie sich bei der Aufsichtsbeh\u00f6rde melden. In Italien ist dies die Datenschutzbeh\u00f6rde (Garante per la Protezione dei Dati Personali, President: Antonello Soro, Piazza di Monte Citorio n. 121, I &#8211; 00186 Roma, Telefon: + 39 06 696 771, Telefax: + 39 06 69 677.785, E-Mail: garante@gpdp.it , Homepage: http:\/\/www.garanteprivacy.it).\r\nSie erreichen uns unter folgenden Kontaktdaten:\r\n\r\n<!-- \/wp:paragraph --><!-- wp:paragraph -->\r\n\r\nInhaltlich und presserechtlich verantwortlich:\r\n\r\n<!-- \/wp:paragraph --><!-- wp:paragraph -->\r\n\r\nFrau Dr. Maryam Zokai\r\nRichard-Wagner -str. 9\r\n61250 Usingen\r\n\r\n<!-- \/wp:paragraph --><!-- wp:paragraph -->\r\n\r\nSteuernummer\r\n342\/5926\/3846\r\nFinanzamt Siegen\r\n\r\n<!-- \/wp:paragraph --><!-- wp:paragraph -->\r\n\r\nrazi.network\r\nrazigesellschaft@gmail.com","protected":false},"excerpt":{"rendered":"<p>Impressum \/\u00a0Datenschutz Datenschutzerkl\u00e4rung Der Schutz Ihrer pers\u00f6nlichen Daten ist uns ein besonderes Anliegen. Wir verarbeiten Ihre Daten daher ausschlie\u00dflich auf Grundlage der gesetzlichen Bestimmungen (DSGVO, TKG 2003). In diesen Datenschutzinformationen informieren wir Sie \u00fcber die wichtigsten Aspekte der Datenverarbeitung im Rahmen unserer Website. Kontakt mit uns Wenn Sie per Formular auf der Website oder per<span class=\"post-excerpt-end\">&hellip;<\/span><\/p>\n<p class=\"more-link\"><a href=\"https:\/\/ravantany.com\/?page_id=269&#038;lang=en\" class=\"themebutton\">Read More<\/a><\/p>\n","protected":false},"author":1,"featured_media":0,"parent":0,"menu_order":0,"comment_status":"closed","ping_status":"closed","template":"","meta":{"footnotes":""},"class_list":["post-269","page","type-page","status-publish","hentry"],"_links":{"self":[{"href":"https:\/\/ravantany.com\/index.php?rest_route=\/wp\/v2\/pages\/269","targetHints":{"allow":["GET"]}}],"collection":[{"href":"https:\/\/ravantany.com\/index.php?rest_route=\/wp\/v2\/pages"}],"about":[{"href":"https:\/\/ravantany.com\/index.php?rest_route=\/wp\/v2\/types\/page"}],"author":[{"embeddable":true,"href":"https:\/\/ravantany.com\/index.php?rest_route=\/wp\/v2\/users\/1"}],"replies":[{"embeddable":true,"href":"https:\/\/ravantany.com\/index.php?rest_route=%2Fwp%2Fv2%2Fcomments&post=269"}],"version-history":[{"count":1,"href":"https:\/\/ravantany.com\/index.php?rest_route=\/wp\/v2\/pages\/269\/revisions"}],"predecessor-version":[{"id":270,"href":"https:\/\/ravantany.com\/index.php?rest_route=\/wp\/v2\/pages\/269\/revisions\/270"}],"wp:attachment":[{"href":"https:\/\/ravantany.com\/index.php?rest_route=%2Fwp%2Fv2%2Fmedia&parent=269"}],"curies":[{"name":"wp","href":"https:\/\/api.w.org\/{rel}","templated":true}]}}